{"id":597,"date":"2023-05-20T13:18:41","date_gmt":"2023-05-20T13:18:41","guid":{"rendered":"https:\/\/rolio-ltd.ca\/mesmerize\/"},"modified":"2024-07-22T14:18:37","modified_gmt":"2024-07-22T14:18:37","slug":"mesmerize","status":"publish","type":"page","link":"https:\/\/rolio-ltd.ca\/en\/","title":{"rendered":"Activities"},"content":{"rendered":"<div id=\"features-10\" class=\"features-16-card-bordered content-section content-section-spacing\" style=\"background-color: #ffffff;\" data-label=\"Features\" data-id=\"features-16-card-bordered\" data-export-id=\"features-16-card-bordered\" data-category=\"features\">\n<div class=\"gridContainer\">\n<div class=\"row text-center\">\n<div class=\"section-title-col\" data-type=\"column\">\n<h2 class=\"\">Our activities<\/h2>\n<p class=\"lead\" style=\"text-align: justify;\">Rolio Resources Ltd is a company providing a wide range of products and equipment in various fields. As a privileged partner of the supply chains of government entities and the private sector among others, Rolio Resources Ltd supports them in their permanent quests for optimization, by allowing them to achieve their objectives in terms of maximizing their productivity and profitability.<\/p>\n<\/div>\n<\/div>\n<div class=\"row spaced-cols\" data-type=\"row\">\n<div class=\"col-xs-12 col-sm-6 col-md-4\">\n<div class=\"card no-padding bordered y-move\">\n<p><img decoding=\"async\" class=\"face\" title=\"cropped-Rol.jpg\" src=\"https:\/\/rolio-ltd.ca\/wp-content\/uploads\/2023\/05\/cropped-Rol.jpg\" alt=\"\" \/><\/p>\n<div class=\"col-padding-small col-padding-small-xs read-more-container\" style=\"text-align: justify;\" data-type=\"column\">\u2022 Scientific &amp; medical equipment<br \/>\n\u2022 Products, medical and laboratory supplies<br \/>\n\u2022 Pressure, Temperature and Humidity Measuring and Controlling Instruments<\/div>\n<\/div>\n<\/div>\n<div class=\"col-xs-12 col-sm-6 col-md-4\">\n<div class=\"card no-padding bordered y-move\">\n<p><img decoding=\"async\" class=\"face\" title=\"cropped-Rol2.jpg\" src=\"https:\/\/rolio-ltd.ca\/wp-content\/uploads\/2023\/05\/cropped-Rol2.jpg\" alt=\"\" \/><\/p>\n<div class=\"col-padding-small col-padding-small-xs description-container\" data-type=\"column\">\n<p class=\"\" style=\"text-align: left;\">\u2022 Components for the aeronautical, aerospace and naval industry<br \/>\n\u2022 Nautical equipment<br \/>\n\u2022 Fire Fighting, Rescue, and Safety Equipment ; and Environmental Protection Equipment and Materials<br \/>\n\u2022 Electronic &amp; audiovisual<br \/>\n\u2022 IT &amp; telecommunications<\/p>\n<\/div>\n<div class=\"col-padding-small col-padding-small-xs read-more-container\" data-type=\"column\"><\/div>\n<\/div>\n<\/div>\n<div class=\"col-xs-12 col-sm-6 col-md-4\">\n<div class=\"card no-padding bordered y-move\">\n<p><img decoding=\"async\" class=\"face\" title=\"cropped-Rol3.jpg\" src=\"https:\/\/rolio-ltd.ca\/wp-content\/uploads\/2023\/05\/cropped-Rol3.jpg\" alt=\"\" \/><\/p>\n<div class=\"col-padding-small col-padding-small-xs read-more-container\" style=\"text-align: justify;\" data-type=\"column\">\u2022 Machinery and Tools<br \/>\n\u2022 Mobilier et appareils m\u00e9nagers<br \/>\n\u2022 Miscellaneous products and equipment<br \/>\n\u2022 Rotating Equipment<\/div>\n<\/div>\n<\/div>\n<\/div>\n<\/div>\n<\/div>\n<div id=\"content-13\" class=\"content-2 content-section content-section-spacing\" style=\"background-color: #f5fafd;\" data-label=\"Content\" data-id=\"content-2\" data-export-id=\"content-2\" data-category=\"content\">\n<div>\n<div class=\"row middle-xs\">\n<div class=\"col-sm-5 bg-image shadow-large-black\" style=\"background-image: url('https:\/\/rolio-ltd.ca\/wp-content\/uploads\/2023\/05\/cropped-Planet_fibre.jpg');\" data-bg=\"image\"><\/div>\n<div class=\"col-sm-7 full-col-left-padding full-col-right-padding\">\n<div class=\"row\">\n<div class=\"space-bottom-small content-title-col\" data-type=\"column\">\n<h2 class=\"\">Our commitments<\/h2>\n<p class=\"\" style=\"text-align: justify;\">We always show integrity and transparency towards our customers to continually earn their trust. We also intend to constantly improve our quality standards, and on this point, we make the following commitments:<\/p>\n<\/div>\n<\/div>\n<div class=\"row spaced-cols\" data-type=\"row\">\n<div class=\"col-xs-6\" data-type=\"column\">\n<h5 class=\"\">Provide exceptional service.<\/h5>\n<\/div>\n<div class=\"col-xs-6\" data-type=\"column\">\n<h5 class=\"\">Ensure customer satisfaction.<\/h5>\n<\/div>\n<div class=\"col-xs-6\" data-type=\"column\">\n<h5 class=\"\">Create and propose a personalized solution for the specific needs and objectives of our customers.<\/h5>\n<\/div>\n<div class=\"col-xs-6\" data-type=\"column\">\n<h5 class=\"\">Remain proactive<\/h5>\n<\/div>\n<\/div>\n<\/div>\n<\/div>\n<\/div>\n<\/div>","protected":false},"excerpt":{"rendered":"<p>Nos activit\u00e9s Rolio Resources Ltd est une entreprise fournissant une large gamme de produits et d\u2019\u00e9quipements et ce dans divers domaines. En tant que partenaire privil\u00e9gi\u00e9 des cha\u00eenes d\u2019approvisionnements des entit\u00e9s gouvernementales et du secteur priv\u00e9 entre autres, Rolio Resources Ltd les accompagne dans leurs qu\u00eates permanentes d\u2019optimisation, contribuant ainsi \u00e0 l\u2019atteinte de leurs objectifs [&hellip;]<\/p>\n","protected":false},"author":1,"featured_media":0,"parent":0,"menu_order":0,"comment_status":"closed","ping_status":"closed","template":"","meta":{"footnotes":""},"class_list":["post-597","page","type-page","status-publish","hentry"],"_links":{"self":[{"href":"https:\/\/rolio-ltd.ca\/en\/wp-json\/wp\/v2\/pages\/597","targetHints":{"allow":["GET"]}}],"collection":[{"href":"https:\/\/rolio-ltd.ca\/en\/wp-json\/wp\/v2\/pages"}],"about":[{"href":"https:\/\/rolio-ltd.ca\/en\/wp-json\/wp\/v2\/types\/page"}],"author":[{"embeddable":true,"href":"https:\/\/rolio-ltd.ca\/en\/wp-json\/wp\/v2\/users\/1"}],"replies":[{"embeddable":true,"href":"https:\/\/rolio-ltd.ca\/en\/wp-json\/wp\/v2\/comments?post=597"}],"version-history":[{"count":62,"href":"https:\/\/rolio-ltd.ca\/en\/wp-json\/wp\/v2\/pages\/597\/revisions"}],"predecessor-version":[{"id":810,"href":"https:\/\/rolio-ltd.ca\/en\/wp-json\/wp\/v2\/pages\/597\/revisions\/810"}],"wp:attachment":[{"href":"https:\/\/rolio-ltd.ca\/en\/wp-json\/wp\/v2\/media?parent=597"}],"curies":[{"name":"wp","href":"https:\/\/api.w.org\/{rel}","templated":true}]}}